{"id":204,"date":"2024-10-02T12:53:25","date_gmt":"2024-10-02T10:53:25","guid":{"rendered":"https:\/\/www.orimex.sk\/?page_id=204"},"modified":"2024-10-09T09:23:47","modified_gmt":"2024-10-09T07:23:47","slug":"gdpr","status":"publish","type":"page","link":"https:\/\/www.orimex.sk\/en\/gdpr\/","title":{"rendered":"GDPR"},"content":{"rendered":"<div class=\"marginer\"> <\/div>\n<style>\n.header-wrapper {\n    display: none;\n}\n\n.marginer {\nmargin-top:100px;\nwidth:10px;\nheight:10px\n}\n<\/style>\n\n\n\n<h2 class=\"wp-block-heading\">Ochrana osobn\u00fdch \u00fadajov GDPR<\/h2>\n\n\n\n<p>Ak ste obyvate\u013eom jednej z kraj\u00edn E\u00da alebo in\u00fdch pokryt\u00fdch n\u00e1rodov a sprac\u00favanie osobn\u00fdch \u00fadajov o v\u00e1s webovou str\u00e1nkou podlieha GDPR, m\u00e1te v s\u00favislosti s t\u00fdmito inform\u00e1ciami ur\u010dit\u00e9 pr\u00e1va, ktor\u00e9 vo v\u0161etk\u00fdch pr\u00edpadoch podliehaj\u00fa platn\u00fdm z\u00e1konom. Niektor\u00e9 ot\u00e1zky uplatnite\u013enosti GDPR na podniky mimo E\u00da s\u00fa relat\u00edvne nov\u00e9, a preto v niektor\u00fdch pr\u00edpadoch e\u0161te nie je vyrie\u0161en\u00fd spr\u00e1vny v\u00fdklad t\u00fdchto z\u00e1konov. V tak\u00fdchto pr\u00edpadoch sa budeme v dobrej viere sna\u017ei\u0165 dodr\u017eiava\u0165 platn\u00e9 z\u00e1kony.<br>T\u00e1to \u010das\u0165 sa vz\u0165ahuje iba na v\u00e1s, ak ste rezidentom E\u00da a my (1) sme usaden\u00ed v E\u00da a sme prev\u00e1dzkovate\u013eom \u00fadajov alebo sprostredkovate\u013eom;<br>(2) sprac\u00favaj\u00fa osobn\u00e9 \u00fadaje dotknut\u00fdch os\u00f4b, ktor\u00e9 sa nach\u00e1dzaj\u00fa v E\u00da, kde sprac\u00favanie s\u00favis\u00ed s: a) ponukou tovaru alebo slu\u017eieb, platen\u00fdch alebo bezplatn\u00fdch, spotrebite\u013eom v E\u00da; alebo b) monitorovanie spr\u00e1vania v r\u00e1mci E\u00da. (GDPR alebo obdobn\u00e9 pr\u00e1va a povinnosti sa vz\u0165ahuj\u00fa aj na osoby v EHP, Spojenom kr\u00e1\u013eovstve alebo \u0160vaj\u010diarsku.)<\/p>\n\n\n\n<p>M\u00e1te nasleduj\u00face pr\u00e1va:<br>1. Pr\u00e1vo na inform\u00e1cie \u2013 m\u00f4\u017eete n\u00e1s po\u017eiada\u0165 o potvrdenie, \u010di sprac\u00favame alebo nespracov\u00e1vame va\u0161e osobn\u00e9 \u00fadaje.<br>2. Pr\u00e1vo na pr\u00edstup \u2013 m\u00f4\u017eete po\u017eiada\u0165 o pr\u00edstup k svojim osobn\u00fdm \u00fadajom, ktor\u00e9 sprac\u00favame; m\u00f4\u017eete po\u017eiada\u0165 o z\u00edskanie k\u00f3pie osobn\u00fdch \u00fadajov, ktor\u00e9 ste n\u00e1m predt\u00fdm poskytli, v prenosnom a strojovo \u010ditate\u013enom form\u00e1te.<br>\u200b3. Pr\u00e1vo na opravu \u2013 m\u00f4\u017eete opravi\u0165 nespr\u00e1vne, nepresn\u00e9 alebo ne\u00fapln\u00e9 osobn\u00e9 \u00fadaje.<br>4. Pr\u00e1vo na v\u00fdmaz \u2013 m\u00f4\u017eete n\u00e1s po\u017eiada\u0165, aby sme vymazali osobn\u00e9 \u00fadaje, ktor\u00e9 u\u017e nie s\u00fa potrebn\u00e9 alebo ak je ich sprac\u00favanie nez\u00e1konn\u00e9.<br>5. Pr\u00e1vo na odst\u00fapenie \u2013 m\u00f4\u017eete odmietnu\u0165 sprac\u00favanie osobn\u00fdch \u00fadajov na marketingov\u00e9 \u00fa\u010dely alebo z ur\u010dit\u00fdch in\u00fdch d\u00f4vodov t\u00fdkaj\u00facich sa va\u0161ej konkr\u00e9tnej situ\u00e1cie.<br>6. Pr\u00e1vo na obmedzenie \u2013 v konkr\u00e9tnych pr\u00edpadoch m\u00f4\u017eete po\u017eiada\u0165 o obmedzenie spracovania va\u0161ich osobn\u00fdch \u00fadajov.<br>7. Pr\u00e1vo na \u013eudsk\u00fd doh\u013ead nad automatizovan\u00fdm spracovan\u00edm alebo rozhodovan\u00edm vr\u00e1tane pr\u00e1va na \u00fa\u010das\u0165 a pr\u00e1va na odvolanie.<br>Ak\u00e9ko\u013evek va\u0161e \u017eiadosti podajte v s\u00falade s pr\u00e1vnymi predpismi E\u00da jedn\u00fdm z t\u00fdchto sp\u00f4sobov:<br>orimex@orimex.sk<br>P\u00e1\u013eovsk\u00e1 400\/5, 027 21 \u017da\u0161kov<\/p>\n\n\n\n<p>V s\u00falade s platn\u00fdmi z\u00e1konmi m\u00e1me nasleduj\u00face s\u00favisiace povinnosti:<br>1. V\u010dasn\u00e1 odpove\u010f na va\u0161e po\u017eiadavky.<br>Na va\u0161e \u017eiadosti mus\u00edme odpoveda\u0165 bez zbyto\u010dn\u00e9ho odkladu a v ka\u017edom pr\u00edpade do 1 mesiaca od prijatia \u017eiadosti.<br>\u200bVo v\u0161eobecnosti poskytneme inform\u00e1cie ako odpove\u010f na va\u0161e po\u017eiadavky bezplatne, pokia\u013e \u017eiadosti nebud\u00fa neopodstatnen\u00e9, nadmern\u00e9 alebo opakovan\u00e9. V tak\u00fdchto pr\u00edpadoch sa m\u00f4\u017eeme rozhodn\u00fa\u0165 odmietnu\u0165 va\u0161u \u017eiados\u0165, ak nezaplat\u00edte primeran\u00fd poplatok.<br>2. M\u00e1me nasleduj\u00face povinnosti:<\/p>\n\n\n\n<p>1. Sprac\u00fava\u0165 \u00fadaje z\u00e1konn\u00fdm, spravodliv\u00fdm a transparentn\u00fdm sp\u00f4sobom<br>2. Sprac\u00fava\u0165 \u00fadaje v s\u00favislosti s obmedzen\u00fdm \u00fa\u010delom, na ktor\u00fd boli poskytnut\u00e9<br>3. Minimalizova\u0165 zhroma\u017e\u010fovan\u00e9 \u00fadaje v s\u00favislosti s \u00fa\u010delom ich spracovania<br>4. Udr\u017eiava\u0165 \u00fadaje presn\u00e9 a aktu\u00e1lne<br>5. Obmedzi\u0165 ukladanie \u00fadajov, ke\u010f u\u017e nie s\u00fa potrebn\u00e9<br>6. Uchov\u00e1va\u0165 \u00fadaje v bezpe\u010d\u00ed a chr\u00e1ni\u0165 ich pred neopr\u00e1vnen\u00fdm alebo nez\u00e1konn\u00fdm spracovan\u00edm a pred n\u00e1hodnou stratou, zni\u010den\u00edm alebo po\u0161koden\u00edm<\/p>\n\n\n\n<p>3. Ak d\u00f4jde k poru\u0161eniu ochrany \u00fadajov, mus\u00edme o tom pou\u017e\u00edvate\u013eov informova\u0165 \u201e\u010do najr\u00fdchlej\u0161ie\u201c. M\u00e1me 72 hod\u00edn na to, aby sme informovali pr\u00edslu\u0161n\u00fd dozorn\u00fd org\u00e1n. Upozor\u0148ujeme, \u017ee ak nie sme usaden\u00ed alebo nep\u00f4sob\u00edme v E\u00da, neexistuje \u017eiadny pr\u00edslu\u0161n\u00fd org\u00e1n doh\u013eadu.<br>\u200b<br>4. Ak sa od n\u00e1s vy\u017eaduje vymenovanie poverenca pre ochranu \u00fadajov, mus\u00edme v\u00e1s tie\u017e informova\u0165 o toto\u017enosti a kontaktn\u00fdch \u00fadajoch poverenca na spracovanie \u00fadajov.<br>Rozhodli sme sa, \u017ee nemus\u00edme ma\u0165 menovan\u00e9ho poverenca pre ochranu \u00fadajov. Orimex napriek tomu odpovie na v\u0161etky po\u017eiadavky v s\u00falade s platn\u00fdmi pr\u00e1vnymi predpismi.<\/p>\n\n\n\n<p>Z\u00e1sady pou\u017e\u00edvania s\u00faborov cookie (E\u00da)<br>Tieto Z\u00e1sady pou\u017e\u00edvania s\u00faborov cookie boli naposledy aktualizovan\u00e9 4. marec 2024 a vz\u0165ahuj\u00fa sa na ob\u010danov a leg\u00e1lne osoby s trval\u00fdm pobytom v Eur\u00f3pskom hospod\u00e1rskom priestore a \u0160vaj\u010diarsku.<\/p>\n\n\n\n<p>1. \u00davod<br>Na\u0161a webov\u00e1 str\u00e1nka,&nbsp;<a href=\"https:\/\/swida.sk\/\" target=\"_blank\" rel=\"noreferrer noopener\">https:\/\/orimex.sk<\/a>&nbsp;(\u010falej len \u201ewebov\u00e1 str\u00e1nka\u201c) pou\u017e\u00edva s\u00fabory cookie a \u010fal\u0161ie s\u00favisiace technol\u00f3gie (v\u0161etky technol\u00f3gie sa kv\u00f4li pohodliu ozna\u010duj\u00fa ako \u201es\u00fabory cookie\u201c). S\u00fabory cookie umiest\u0148uj\u00fa aj tretie strany, ktor\u00e9 sme zapojili. V ni\u017e\u0161ie uvedenom dokumente v\u00e1s informujeme o pou\u017e\u00edvan\u00ed s\u00faborov cookie na na\u0161ich webov\u00fdch str\u00e1nkach.<\/p>\n\n\n\n<p>2. \u010co s\u00fa cookies?<br>Cookie je mal\u00fd jednoduch\u00fd s\u00fabor, ktor\u00fd je odoslan\u00fd spolu so str\u00e1nkami tohto webu a ulo\u017een\u00fd va\u0161im prehliada\u010dom na pevnom disku v\u00e1\u0161ho po\u010d\u00edta\u010da alebo in\u00e9ho zariadenia. Inform\u00e1cie v nich ulo\u017een\u00e9 m\u00f4\u017eu by\u0165 vr\u00e1ten\u00e9 na na\u0161e servery alebo na servery pr\u00edslu\u0161n\u00fdch tret\u00edch str\u00e1n po\u010das nasleduj\u00facej n\u00e1v\u0161tevy.<\/p>\n\n\n\n<p>3. \u010co s\u00fa skripty?<br>Skript je \u010das\u0165 programov\u00e9ho k\u00f3du, ktor\u00fd sa pou\u017e\u00edva na spr\u00e1vnu a interakt\u00edvnu funkciu na\u0161ich webov\u00fdch str\u00e1nok. Tento k\u00f3d sa spust\u00ed na na\u0161om serveri alebo na va\u0161om zariaden\u00ed.<\/p>\n\n\n\n<p>4. \u010co je to webov\u00fd maj\u00e1k?<br>Webov\u00fd maj\u00e1k (alebo pixelov\u00e1 zna\u010dka) je mal\u00fd nevidite\u013en\u00fd text alebo obr\u00e1zok na webovej str\u00e1nke, ktor\u00fd sa pou\u017e\u00edva na monitorovanie n\u00e1v\u0161tevnosti webov\u00fdch str\u00e1nok. Za t\u00fdmto \u00fa\u010delom sa pomocou webov\u00fdch<br>maj\u00e1kov ukladaj\u00fa r\u00f4zne \u00fadaje o v\u00e1s.<\/p>\n\n\n\n<p>5. Cookies<\/p>\n\n\n\n<p>5.1 Technick\u00e9 alebo funk\u010dn\u00e9 cookies<br>Niektor\u00e9 s\u00fabory cookie zais\u0165uj\u00fa, \u017ee ur\u010dit\u00e9 \u010dasti webov\u00fdch str\u00e1nok funguj\u00fa spr\u00e1vne a \u017ee va\u0161e preferencie pou\u017e\u00edvate\u013eov zostan\u00fa zn\u00e1me. Umiestnen\u00edm funk\u010dn\u00fdch s\u00faborov cookie v\u00e1m u\u013eah\u010dujeme n\u00e1v\u0161tevu na\u0161ich webov\u00fdch str\u00e1nok. Takto nemus\u00edte pri n\u00e1v\u0161teve na\u0161ich webov\u00fdch str\u00e1nok opakovane zad\u00e1va\u0165 rovnak\u00e9 inform\u00e1cie a napr\u00edklad polo\u017eky zostan\u00fa vo va\u0161om n\u00e1kupnom ko\u0161\u00edku, k\u00fdm nezaplat\u00edte. Tieto s\u00fabory cookie m\u00f4\u017eeme umiest\u0148ova\u0165 bez v\u00e1\u0161ho s\u00fahlasu.<\/p>\n\n\n\n<p>5.2 \u0160tatistick\u00e9 cookies<br>\u0160tatistick\u00e9 s\u00fabory cookie pou\u017e\u00edvame na optimaliz\u00e1ciu z\u00e1\u017eitku z webov\u00fdch str\u00e1nok pre na\u0161ich pou\u017e\u00edvate\u013eov. V\u010faka t\u00fdmto \u0161tatistick\u00fdm s\u00faborom cookie z\u00edskavame preh\u013ead o pou\u017e\u00edvan\u00ed na\u0161ich webov\u00fdch str\u00e1nok. \u017diadame v\u00e1s o povolenie umiest\u0148ova\u0165 \u0161tatistick\u00e9 s\u00fabory cookie.<\/p>\n\n\n\n<p>5.3 Marketingov\u00e9\/sledovacie cookies<br>Marketingov\u00e9\/sledovacie s\u00fabory cookie s\u00fa s\u00fabory cookie alebo ak\u00e1ko\u013evek in\u00e1 forma miestneho \u00falo\u017eiska, ktor\u00e9 sa pou\u017e\u00edvaj\u00fa na vytv\u00e1ranie profilov pou\u017e\u00edvate\u013eov na zobrazenie reklamy alebo na sledovanie pou\u017e\u00edvate\u013ea na tomto webe alebo na nieko\u013ek\u00fdch webov\u00fdch str\u00e1nkach na podobn\u00e9 marketingov\u00e9 \u00fa\u010dely.<\/p>\n\n\n\n<p>5.4 Soci\u00e1lne m\u00e9di\u00e1<br>Na na\u0161u webov\u00fa str\u00e1nku sme zahrnuli obsah od Facebook a LinkedIn na propag\u00e1ciu webov\u00fdch str\u00e1nok (napr. \u201ep\u00e1\u010di sa mi to\u201c, \u201epripnutie\u201c) alebo zdie\u013eanie (napr. \u201etweetovanie\u201c) na soci\u00e1lnych sie\u0165ach ako Facebook a LinkedIn. Tento obsah je vlo\u017een\u00fd s k\u00f3dom odvoden\u00fdm z Facebook a LinkedIn a umiest\u0148uje s\u00fabory cookie. Tento obsah m\u00f4\u017ee uchov\u00e1va\u0165 a spracov\u00e1va\u0165 ur\u010dit\u00e9 inform\u00e1cie na \u00fa\u010dely prisp\u00f4sobenej reklamy.<br>Pre\u010d\u00edtajte si pros\u00edm vyhl\u00e1senie o ochrane osobn\u00fdch \u00fadajov t\u00fdchto soci\u00e1lnych siet\u00ed (ktor\u00e9 sa m\u00f4\u017eu pravidelne meni\u0165) a pre\u010d\u00edtajte si, \u010do robia s va\u0161imi (osobn\u00fdmi) \u00fadajmi, ktor\u00e9 sprac\u00favaj\u00fa pomocou t\u00fdchto s\u00faborov cookie. Z\u00edskan\u00e9 \u00fadaje s\u00fa \u010do najviac anonymizovan\u00e9. Facebook a LinkedIn sa nach\u00e1dzaj\u00fa v USA.<\/p>\n\n\n\n<p>6. Umiestnen\u00e9 cookiesGoogle reCAPTCHA<br>Funk\u010dn\u00e9, nutn\u00e9, Marketingov\u00e9<br>Consent to service google-recaptcha<br>Google Analytics<br>\u0160tatistick\u00e9, Funk\u010dn\u00e9, nutn\u00e9<br>Consent to service google-analytics<br>Meta<br>Marketingov\u00e9, Funk\u010dn\u00e9, nutn\u00e9<br>Consent to service facebook<br>WPML<br>Funk\u010dn\u00e9, nutn\u00e9<br>Consent to service wpml<br>Google Maps<br>Marketingov\u00e9<br>Consent to service google-maps<br>GoogleAds<br>Marketingov\u00e9, Funk\u010dn\u00e9, nutn\u00e9<br>Consent to service youtube<br>R\u00f4zne<br>\u00da\u010del \u010dakaj\u00faceho vy\u0161etrovania<br>Consent to service r\u00f4zne<\/p>\n\n\n\n<p>\u200b 7. S\u00fahlas<br>Ke\u010f nav\u0161t\u00edvite n\u00e1\u0161 web prv\u00fdkr\u00e1t, uk\u00e1\u017eeme v\u00e1m kontextov\u00e9 okno s vysvetlen\u00edm o s\u00faboroch cookie. Akon\u00e1hle kliknete na \u201eUlo\u017ei\u0165 predvo\u013eby\u201c, s\u00fahlas\u00edte s t\u00fdm, \u017ee pou\u017eijeme kateg\u00f3rie s\u00faborov cookie a doplnkov, ktor\u00e9 ste vybrali v kontextovom okne, ako je to pop\u00edsan\u00e9 v t\u00fdchto z\u00e1sad\u00e1ch pou\u017e\u00edvania s\u00faborov cookie. Pou\u017e\u00edvanie s\u00faborov cookie m\u00f4\u017eete zak\u00e1za\u0165 prostredn\u00edctvom svojho prehliada\u010da, ale upozor\u0148ujeme, \u017ee n\u00e1\u0161 web u\u017e nemus\u00ed spr\u00e1vne fungova\u0165.<br>\u200b<br>7.1 Spravujte svoje nastavenia s\u00fahlasu<br>Funk\u010dn\u00e9 V\u017edy akt\u00edvny<br>Predvo\u013eby Predvo\u013eby<br>\u0160tatistiky \u0160tatistiky<br>Marketing Marketing<\/p>\n\n\n\n<p>8. Povolenie\/zak\u00e1zanie a odstra\u0148ovanie s\u00faborov cookie<br>V\u00e1\u0161 internetov\u00fd prehliada\u010d m\u00f4\u017eete pou\u017ei\u0165 na automatick\u00e9 alebo manu\u00e1lne mazanie cookies. M\u00f4\u017eete tie\u017e \u0161pecifikova\u0165, \u017ee niektor\u00e9 s\u00fabory cookie nemusia by\u0165 umiestnen\u00e9. \u010eal\u0161ou mo\u017enos\u0165ou je zmeni\u0165 nastavenia svojho internetov\u00e9ho prehliada\u010da tak, aby ste dostali spr\u00e1vu v\u017edy, ke\u010f sa umiestni s\u00fabor cookie. \u010eal\u0161ie inform\u00e1cie o t\u00fdchto mo\u017enostiach n\u00e1jdete v pokynoch v \u010dasti Pomocn\u00edk v\u00e1\u0161ho prehliada\u010da.<br>Upozor\u0148ujeme, \u017ee ak s\u00fa v\u0161etky s\u00fabory cookie zak\u00e1zan\u00e9, n\u00e1\u0161 web nemus\u00ed fungova\u0165 spr\u00e1vne. Pokia\u013e cookies vyma\u017eete vo svojom prehliada\u010di, bud\u00fa znova umiestnen\u00e9 po va\u0161om s\u00fahlase, ke\u010f znova nav\u0161t\u00edvite na\u0161e webov\u00e9 str\u00e1nky.<\/p>\n\n\n\n<p>9. Va\u0161e pr\u00e1va v s\u00favislosti s osobn\u00fdmi \u00fadajmi<br>Pokia\u013e ide o va\u0161e osobn\u00e9 \u00fadaje, m\u00e1te nasleduj\u00face pr\u00e1va:<\/p>\n\n\n\n<ul class=\"wp-block-list\">\n<li>M\u00e1te pr\u00e1vo vedie\u0165, pre\u010do s\u00fa va\u0161e osobn\u00e9 \u00fadaje potrebn\u00e9, \u010do sa s nimi stane a ako dlho bud\u00fa uchov\u00e1van\u00e9.<\/li>\n\n\n\n<li>Pr\u00e1vo na pr\u00edstup: M\u00e1te pr\u00e1vo na pr\u00edstup k svojim osobn\u00fdm \u00fadajom, ktor\u00e9 s\u00fa n\u00e1m zn\u00e1me.<\/li>\n\n\n\n<li>Pr\u00e1vo na opravu: m\u00e1te pr\u00e1vo kedyko\u013evek doplni\u0165, opravi\u0165, vymaza\u0165 alebo zablokova\u0165 va\u0161e osobn\u00e9 \u00fadaje.<\/li>\n\n\n\n<li>Ak n\u00e1m udel\u00edte s\u00fahlas so spracovan\u00edm va\u0161ich \u00fadajov, m\u00e1te pr\u00e1vo tento s\u00fahlas odvola\u0165 a vymaza\u0165 va\u0161e osobn\u00e9 \u00fadaje.<\/li>\n\n\n\n<li>Pr\u00e1vo na prenos va\u0161ich \u00fadajov: m\u00e1te pr\u00e1vo po\u017eadova\u0165 od spr\u00e1vcu v\u0161etky svoje osobn\u00e9 \u00fadaje a prenies\u0165 ich v celom rozsahu k \u010fal\u0161iemu prev\u00e1dzkovate\u013eovi.<\/li>\n\n\n\n<li>Pr\u00e1vo namieta\u0165: m\u00f4\u017eete vznies\u0165 n\u00e1mietku proti spracovaniu va\u0161ich \u00fadajov. Dodr\u017eiavame to, pokia\u013e neexistuj\u00fa od\u00f4vodnen\u00e9 d\u00f4vody na spracovanie.<\/li>\n<\/ul>\n\n\n\n<p>Ak chcete uplatni\u0165 tieto pr\u00e1va, kontaktujte n\u00e1s. Pozrite sa na kontaktn\u00e9 \u00fadaje v spodnej \u010dasti t\u00fdchto z\u00e1sad pou\u017e\u00edvania s\u00faborov cookie. Ak m\u00e1te s\u0165a\u017enos\u0165 na to, ako nar\u00e1bame s va\u0161imi \u00fadajmi, radi by sme v\u00e1s po\u010duli, ale m\u00e1te tie\u017e pr\u00e1vo poda\u0165 s\u0165a\u017enos\u0165 dozorn\u00e9mu org\u00e1nu (\u00faradu na ochranu \u00fadajov).<\/p>","protected":false},"excerpt":{"rendered":"<p>Ochrana osobn\u00fdch \u00fadajov GDPR Ak ste obyvate\u013eom jednej z kraj\u00edn E\u00da alebo in\u00fdch pokryt\u00fdch n\u00e1rodov a sprac\u00favanie osobn\u00fdch \u00fadajov o v\u00e1s webovou str\u00e1nkou podlieha GDPR, m\u00e1te v s\u00favislosti s t\u00fdmito inform\u00e1ciami ur\u010dit\u00e9 pr\u00e1va, ktor\u00e9 vo v\u0161etk\u00fdch pr\u00edpadoch podliehaj\u00fa platn\u00fdm z\u00e1konom. Niektor\u00e9 ot\u00e1zky uplatnite\u013enosti GDPR na podniky mimo E\u00da s\u00fa relat\u00edvne nov\u00e9, a preto v niektor\u00fdch&hellip; <br \/> <a class=\"button small blue\" href=\"https:\/\/www.orimex.sk\/en\/gdpr\/\">Read more<\/a><\/p>","protected":false},"author":1,"featured_media":0,"parent":0,"menu_order":0,"comment_status":"closed","ping_status":"closed","template":"","meta":{"footnotes":""},"class_list":["post-204","page","type-page","status-publish","hentry"],"_links":{"self":[{"href":"https:\/\/www.orimex.sk\/en\/wp-json\/wp\/v2\/pages\/204","targetHints":{"allow":["GET"]}}],"collection":[{"href":"https:\/\/www.orimex.sk\/en\/wp-json\/wp\/v2\/pages"}],"about":[{"href":"https:\/\/www.orimex.sk\/en\/wp-json\/wp\/v2\/types\/page"}],"author":[{"embeddable":true,"href":"https:\/\/www.orimex.sk\/en\/wp-json\/wp\/v2\/users\/1"}],"replies":[{"embeddable":true,"href":"https:\/\/www.orimex.sk\/en\/wp-json\/wp\/v2\/comments?post=204"}],"version-history":[{"count":7,"href":"https:\/\/www.orimex.sk\/en\/wp-json\/wp\/v2\/pages\/204\/revisions"}],"predecessor-version":[{"id":355,"href":"https:\/\/www.orimex.sk\/en\/wp-json\/wp\/v2\/pages\/204\/revisions\/355"}],"wp:attachment":[{"href":"https:\/\/www.orimex.sk\/en\/wp-json\/wp\/v2\/media?parent=204"}],"curies":[{"name":"wp","href":"https:\/\/api.w.org\/{rel}","templated":true}]}}